{"id":7466,"date":"2024-10-14T14:33:09","date_gmt":"2024-10-14T14:33:09","guid":{"rendered":"https:\/\/yubabikes-dev.codebusters.app\/product\/kombi-e6\/"},"modified":"2025-01-10T14:04:08","modified_gmt":"2025-01-10T14:04:08","slug":"kombi-e6","status":"publish","type":"product","link":"https:\/\/yubabikes-dev.codebusters.app\/de\/produkt\/kombi-e6\/","title":{"rendered":"Kombi E6"},"content":{"rendered":"<p>Das Kombi E6 bietet dir mehr Power und eine gr\u00f6\u00dfere Reichweite als sein kleiner Bruder, das Kombi E5. Fahre deine zwei Kinder, Freunde oder deinen felligen Freund einfach und unkompliziert herum!<\/p>\n","protected":false},"excerpt":{"rendered":"<p>Das Kombi E6 bietet dir mehr Power und eine gr\u00f6\u00dfere Reichweite als sein kleiner Bruder, das Kombi E5. Fahre deine zwei Kinder, Freunde oder deinen felligen Freund einfach und unkompliziert herum!<\/p>\n","protected":false},"featured_media":7467,"template":"","meta":{"_acf_changed":false,"om_disable_all_campaigns":false,"inline_featured_image":false},"product_brand":[],"product_cat":[271,278],"product_tag":[],"class_list":{"0":"post-7466","1":"product","2":"type-product","3":"status-publish","4":"has-post-thumbnail","6":"product_cat-bikes-de","7":"product_cat-compact-de","9":"first","10":"instock","11":"taxable","12":"shipping-taxable","13":"purchasable","14":"product-type-variable","15":"has-default-attributes"},"acf":[],"yoast_head":"<!-- This site is optimized with the Yoast SEO plugin v26.6 - https:\/\/yoast.com\/wordpress\/plugins\/seo\/ -->\n<title>Kombi E6 - Yuba Lastenr\u00e4der<\/title>\n<meta name=\"description\" content=\"Das Kombi E6 von Yuba bietet kraftvolle Unterst\u00fctzung und transportiert m\u00fchelos bis zu 2 Passagiere, perfekt f\u00fcr die Stadt in einem kompakten, vielseitigen Design.\" \/>\n<meta name=\"robots\" content=\"noindex, follow, max-snippet:-1, max-image-preview:large, max-video-preview:-1\" \/>\n<meta property=\"og:locale\" content=\"de_DE\" \/>\n<meta property=\"og:type\" content=\"article\" \/>\n<meta property=\"og:title\" content=\"Kombi E6 - Yuba Lastenr\u00e4der\" \/>\n<meta property=\"og:description\" content=\"Das Kombi E6 von Yuba bietet kraftvolle Unterst\u00fctzung und transportiert m\u00fchelos bis zu 2 Passagiere, perfekt f\u00fcr die Stadt in einem kompakten, vielseitigen Design.\" \/>\n<meta property=\"og:url\" content=\"https:\/\/yubabikes-dev.codebusters.app\/de\/produkt\/kombi-e6\/\" \/>\n<meta property=\"og:site_name\" content=\"Yubabikes\" \/>\n<meta property=\"article:modified_time\" content=\"2025-01-10T14:04:08+00:00\" \/>\n<meta property=\"og:image\" content=\"https:\/\/yubabikes-dev.codebusters.app\/wp-content\/uploads\/2024\/10\/Kombi-E6-Black-No-BG.png\" \/>\n\t<meta property=\"og:image:width\" content=\"960\" \/>\n\t<meta property=\"og:image:height\" content=\"960\" \/>\n\t<meta property=\"og:image:type\" content=\"image\/png\" \/>\n<meta name=\"twitter:card\" content=\"summary_large_image\" \/>\n<meta name=\"twitter:label1\" content=\"Gesch\u00e4tzte Lesezeit\" \/>\n\t<meta name=\"twitter:data1\" content=\"1\u00a0Minute\" \/>\n<script type=\"application\/ld+json\" class=\"yoast-schema-graph\">{\"@context\":\"https:\/\/schema.org\",\"@graph\":[{\"@type\":\"WebPage\",\"@id\":\"https:\/\/yubabikes-dev.codebusters.app\/de\/produkt\/kombi-e6\/\",\"url\":\"https:\/\/yubabikes-dev.codebusters.app\/de\/produkt\/kombi-e6\/\",\"name\":\"Kombi E6 - Yuba Lastenr\u00e4der\",\"isPartOf\":{\"@id\":\"https:\/\/yubabikes-dev.codebusters.app\/de\/#website\"},\"primaryImageOfPage\":{\"@id\":\"https:\/\/yubabikes-dev.codebusters.app\/de\/produkt\/kombi-e6\/#primaryimage\"},\"image\":{\"@id\":\"https:\/\/yubabikes-dev.codebusters.app\/de\/produkt\/kombi-e6\/#primaryimage\"},\"thumbnailUrl\":\"https:\/\/yubabikes-dev.codebusters.app\/wp-content\/uploads\/2024\/10\/Kombi-E6-Black-No-BG.png\",\"datePublished\":\"2024-10-14T14:33:09+00:00\",\"dateModified\":\"2025-01-10T14:04:08+00:00\",\"description\":\"Das Kombi E6 von Yuba bietet kraftvolle Unterst\u00fctzung und transportiert m\u00fchelos bis zu 2 Passagiere, perfekt f\u00fcr die Stadt in einem kompakten, vielseitigen Design.\",\"breadcrumb\":{\"@id\":\"https:\/\/yubabikes-dev.codebusters.app\/de\/produkt\/kombi-e6\/#breadcrumb\"},\"inLanguage\":\"de\",\"potentialAction\":[{\"@type\":\"ReadAction\",\"target\":[\"https:\/\/yubabikes-dev.codebusters.app\/de\/produkt\/kombi-e6\/\"]}]},{\"@type\":\"ImageObject\",\"inLanguage\":\"de\",\"@id\":\"https:\/\/yubabikes-dev.codebusters.app\/de\/produkt\/kombi-e6\/#primaryimage\",\"url\":\"https:\/\/yubabikes-dev.codebusters.app\/wp-content\/uploads\/2024\/10\/Kombi-E6-Black-No-BG.png\",\"contentUrl\":\"https:\/\/yubabikes-dev.codebusters.app\/wp-content\/uploads\/2024\/10\/Kombi-E6-Black-No-BG.png\",\"width\":960,\"height\":960},{\"@type\":\"BreadcrumbList\",\"@id\":\"https:\/\/yubabikes-dev.codebusters.app\/de\/produkt\/kombi-e6\/#breadcrumb\",\"itemListElement\":[{\"@type\":\"ListItem\",\"position\":1,\"name\":\"Home\",\"item\":\"https:\/\/yubabikes-dev.codebusters.app\/de\/\"},{\"@type\":\"ListItem\",\"position\":2,\"name\":\"Shop\",\"item\":\"https:\/\/yubabikes-dev.codebusters.app\/de\/shop\/\"},{\"@type\":\"ListItem\",\"position\":3,\"name\":\"Kombi E6\"}]},{\"@type\":\"WebSite\",\"@id\":\"https:\/\/yubabikes-dev.codebusters.app\/de\/#website\",\"url\":\"https:\/\/yubabikes-dev.codebusters.app\/de\/\",\"name\":\"Yuba Cargo Bikes\",\"description\":\"Yuba - Lastenr\u00e4der f\u00fcr Familien und Unternehmen\",\"alternateName\":\"Yuba Bikes\",\"potentialAction\":[{\"@type\":\"SearchAction\",\"target\":{\"@type\":\"EntryPoint\",\"urlTemplate\":\"https:\/\/yubabikes-dev.codebusters.app\/de\/?s={search_term_string}\"},\"query-input\":{\"@type\":\"PropertyValueSpecification\",\"valueRequired\":true,\"valueName\":\"search_term_string\"}}],\"inLanguage\":\"de\"}]}<\/script>\n<!-- \/ Yoast SEO plugin. -->","yoast_head_json":{"title":"Kombi E6 - Yuba Lastenr\u00e4der","description":"Das Kombi E6 von Yuba bietet kraftvolle Unterst\u00fctzung und transportiert m\u00fchelos bis zu 2 Passagiere, perfekt f\u00fcr die Stadt in einem kompakten, vielseitigen Design.","robots":{"index":"noindex","follow":"follow","max-snippet":"max-snippet:-1","max-image-preview":"max-image-preview:large","max-video-preview":"max-video-preview:-1"},"og_locale":"de_DE","og_type":"article","og_title":"Kombi E6 - Yuba Lastenr\u00e4der","og_description":"Das Kombi E6 von Yuba bietet kraftvolle Unterst\u00fctzung und transportiert m\u00fchelos bis zu 2 Passagiere, perfekt f\u00fcr die Stadt in einem kompakten, vielseitigen Design.","og_url":"https:\/\/yubabikes-dev.codebusters.app\/de\/produkt\/kombi-e6\/","og_site_name":"Yubabikes","article_modified_time":"2025-01-10T14:04:08+00:00","og_image":[{"width":960,"height":960,"url":"https:\/\/yubabikes-dev.codebusters.app\/wp-content\/uploads\/2024\/10\/Kombi-E6-Black-No-BG.png","type":"image\/png"}],"twitter_card":"summary_large_image","twitter_misc":{"Gesch\u00e4tzte Lesezeit":"1\u00a0Minute"},"schema":{"@context":"https:\/\/schema.org","@graph":[{"@type":"WebPage","@id":"https:\/\/yubabikes-dev.codebusters.app\/de\/produkt\/kombi-e6\/","url":"https:\/\/yubabikes-dev.codebusters.app\/de\/produkt\/kombi-e6\/","name":"Kombi E6 - Yuba Lastenr\u00e4der","isPartOf":{"@id":"https:\/\/yubabikes-dev.codebusters.app\/de\/#website"},"primaryImageOfPage":{"@id":"https:\/\/yubabikes-dev.codebusters.app\/de\/produkt\/kombi-e6\/#primaryimage"},"image":{"@id":"https:\/\/yubabikes-dev.codebusters.app\/de\/produkt\/kombi-e6\/#primaryimage"},"thumbnailUrl":"https:\/\/yubabikes-dev.codebusters.app\/wp-content\/uploads\/2024\/10\/Kombi-E6-Black-No-BG.png","datePublished":"2024-10-14T14:33:09+00:00","dateModified":"2025-01-10T14:04:08+00:00","description":"Das Kombi E6 von Yuba bietet kraftvolle Unterst\u00fctzung und transportiert m\u00fchelos bis zu 2 Passagiere, perfekt f\u00fcr die Stadt in einem kompakten, vielseitigen Design.","breadcrumb":{"@id":"https:\/\/yubabikes-dev.codebusters.app\/de\/produkt\/kombi-e6\/#breadcrumb"},"inLanguage":"de","potentialAction":[{"@type":"ReadAction","target":["https:\/\/yubabikes-dev.codebusters.app\/de\/produkt\/kombi-e6\/"]}]},{"@type":"ImageObject","inLanguage":"de","@id":"https:\/\/yubabikes-dev.codebusters.app\/de\/produkt\/kombi-e6\/#primaryimage","url":"https:\/\/yubabikes-dev.codebusters.app\/wp-content\/uploads\/2024\/10\/Kombi-E6-Black-No-BG.png","contentUrl":"https:\/\/yubabikes-dev.codebusters.app\/wp-content\/uploads\/2024\/10\/Kombi-E6-Black-No-BG.png","width":960,"height":960},{"@type":"BreadcrumbList","@id":"https:\/\/yubabikes-dev.codebusters.app\/de\/produkt\/kombi-e6\/#breadcrumb","itemListElement":[{"@type":"ListItem","position":1,"name":"Home","item":"https:\/\/yubabikes-dev.codebusters.app\/de\/"},{"@type":"ListItem","position":2,"name":"Shop","item":"https:\/\/yubabikes-dev.codebusters.app\/de\/shop\/"},{"@type":"ListItem","position":3,"name":"Kombi E6"}]},{"@type":"WebSite","@id":"https:\/\/yubabikes-dev.codebusters.app\/de\/#website","url":"https:\/\/yubabikes-dev.codebusters.app\/de\/","name":"Yuba Cargo Bikes","description":"Yuba - Lastenr\u00e4der f\u00fcr Familien und Unternehmen","alternateName":"Yuba Bikes","potentialAction":[{"@type":"SearchAction","target":{"@type":"EntryPoint","urlTemplate":"https:\/\/yubabikes-dev.codebusters.app\/de\/?s={search_term_string}"},"query-input":{"@type":"PropertyValueSpecification","valueRequired":true,"valueName":"search_term_string"}}],"inLanguage":"de"}]}},"_links":{"self":[{"href":"https:\/\/yubabikes-dev.codebusters.app\/de\/wp-json\/wp\/v2\/product\/7466","targetHints":{"allow":["GET"]}}],"collection":[{"href":"https:\/\/yubabikes-dev.codebusters.app\/de\/wp-json\/wp\/v2\/product"}],"about":[{"href":"https:\/\/yubabikes-dev.codebusters.app\/de\/wp-json\/wp\/v2\/types\/product"}],"wp:featuredmedia":[{"embeddable":true,"href":"https:\/\/yubabikes-dev.codebusters.app\/de\/wp-json\/wp\/v2\/media\/7467"}],"wp:attachment":[{"href":"https:\/\/yubabikes-dev.codebusters.app\/de\/wp-json\/wp\/v2\/media?parent=7466"}],"wp:term":[{"taxonomy":"product_brand","embeddable":true,"href":"https:\/\/yubabikes-dev.codebusters.app\/de\/wp-json\/wp\/v2\/product_brand?post=7466"},{"taxonomy":"product_cat","embeddable":true,"href":"https:\/\/yubabikes-dev.codebusters.app\/de\/wp-json\/wp\/v2\/product_cat?post=7466"},{"taxonomy":"product_tag","embeddable":true,"href":"https:\/\/yubabikes-dev.codebusters.app\/de\/wp-json\/wp\/v2\/product_tag?post=7466"}],"curies":[{"name":"wp","href":"https:\/\/api.w.org\/{rel}","templated":true}]}}