{"id":3040,"date":"2024-07-30T15:03:23","date_gmt":"2024-07-30T15:03:23","guid":{"rendered":"https:\/\/yubabikes-dev.codebusters.app\/mon-compte\/"},"modified":"2025-01-02T15:40:23","modified_gmt":"2025-01-02T15:40:23","slug":"mon-compte","status":"publish","type":"page","link":"https:\/\/yubabikes-dev.codebusters.app\/fr\/mon-compte\/","title":{"rendered":"Mon compte"},"content":{"rendered":"<div class=\"woocommerce\"><\/div>\n","protected":false},"excerpt":{"rendered":"","protected":false},"author":1,"featured_media":0,"parent":0,"menu_order":0,"comment_status":"closed","ping_status":"closed","template":"templates\/template-account.php","meta":{"_acf_changed":false,"om_disable_all_campaigns":false,"inline_featured_image":false,"footnotes":""},"class_list":["post-3040","page","type-page","status-publish","hentry"],"acf":[],"yoast_head":"<!-- This site is optimized with the Yoast SEO plugin v26.6 - https:\/\/yoast.com\/wordpress\/plugins\/seo\/ -->\n<title>Mon compte - Yuba Cargo Bikes<\/title>\n<meta name=\"description\" content=\"Connectez-vous \u00e0 votre compte Yuba pour suivre vos commandes, g\u00e9rer vos livraisons et acc\u00e9der aux informations de garantie.\" \/>\n<meta name=\"robots\" content=\"noindex, follow, max-snippet:-1, max-image-preview:large, max-video-preview:-1\" \/>\n<meta property=\"og:locale\" content=\"fr_FR\" \/>\n<meta property=\"og:type\" content=\"article\" \/>\n<meta property=\"og:title\" content=\"Mon compte - Yuba Cargo Bikes\" \/>\n<meta property=\"og:description\" content=\"Connectez-vous \u00e0 votre compte Yuba pour suivre vos commandes, g\u00e9rer vos livraisons et acc\u00e9der aux informations de garantie.\" \/>\n<meta property=\"og:url\" content=\"https:\/\/yubabikes-dev.codebusters.app\/fr\/mon-compte\/\" \/>\n<meta property=\"og:site_name\" content=\"Yubabikes\" \/>\n<meta property=\"article:modified_time\" content=\"2025-01-02T15:40:23+00:00\" \/>\n<meta property=\"og:image\" content=\"https:\/\/yubabikes-dev.codebusters.app\/wp-content\/uploads\/2025\/01\/social-graph-1200-x-675px-1.png\" \/>\n\t<meta property=\"og:image:width\" content=\"1200\" \/>\n\t<meta property=\"og:image:height\" content=\"675\" \/>\n\t<meta property=\"og:image:type\" content=\"image\/png\" \/>\n<meta name=\"twitter:card\" content=\"summary_large_image\" \/>\n<meta name=\"twitter:label1\" content=\"Dur\u00e9e de lecture estim\u00e9e\" \/>\n\t<meta name=\"twitter:data1\" content=\"1 minute\" \/>\n<script type=\"application\/ld+json\" class=\"yoast-schema-graph\">{\"@context\":\"https:\/\/schema.org\",\"@graph\":[{\"@type\":\"WebPage\",\"@id\":\"https:\/\/yubabikes-dev.codebusters.app\/fr\/mon-compte\/\",\"url\":\"https:\/\/yubabikes-dev.codebusters.app\/fr\/mon-compte\/\",\"name\":\"Mon compte - Yuba Cargo Bikes\",\"isPartOf\":{\"@id\":\"https:\/\/yubabikes-dev.codebusters.app\/fr\/#website\"},\"datePublished\":\"2024-07-30T15:03:23+00:00\",\"dateModified\":\"2025-01-02T15:40:23+00:00\",\"description\":\"Connectez-vous \u00e0 votre compte Yuba pour suivre vos commandes, g\u00e9rer vos livraisons et acc\u00e9der aux informations de garantie.\",\"breadcrumb\":{\"@id\":\"https:\/\/yubabikes-dev.codebusters.app\/fr\/mon-compte\/#breadcrumb\"},\"inLanguage\":\"fr-FR\",\"potentialAction\":[{\"@type\":\"ReadAction\",\"target\":[\"https:\/\/yubabikes-dev.codebusters.app\/fr\/mon-compte\/\"]}]},{\"@type\":\"BreadcrumbList\",\"@id\":\"https:\/\/yubabikes-dev.codebusters.app\/fr\/mon-compte\/#breadcrumb\",\"itemListElement\":[{\"@type\":\"ListItem\",\"position\":1,\"name\":\"Home\",\"item\":\"https:\/\/yubabikes-dev.codebusters.app\/fr\/\"},{\"@type\":\"ListItem\",\"position\":2,\"name\":\"Mon compte\"}]},{\"@type\":\"WebSite\",\"@id\":\"https:\/\/yubabikes-dev.codebusters.app\/fr\/#website\",\"url\":\"https:\/\/yubabikes-dev.codebusters.app\/fr\/\",\"name\":\"Yuba Cargo Bikes\",\"description\":\"Yuba - V\u00e9los cargo pour la famille et les professionnels\",\"alternateName\":\"Yuba Bikes\",\"potentialAction\":[{\"@type\":\"SearchAction\",\"target\":{\"@type\":\"EntryPoint\",\"urlTemplate\":\"https:\/\/yubabikes-dev.codebusters.app\/fr\/?s={search_term_string}\"},\"query-input\":{\"@type\":\"PropertyValueSpecification\",\"valueRequired\":true,\"valueName\":\"search_term_string\"}}],\"inLanguage\":\"fr-FR\"}]}<\/script>\n<!-- \/ Yoast SEO plugin. -->","yoast_head_json":{"title":"Mon compte - Yuba Cargo Bikes","description":"Connectez-vous \u00e0 votre compte Yuba pour suivre vos commandes, g\u00e9rer vos livraisons et acc\u00e9der aux informations de garantie.","robots":{"index":"noindex","follow":"follow","max-snippet":"max-snippet:-1","max-image-preview":"max-image-preview:large","max-video-preview":"max-video-preview:-1"},"og_locale":"fr_FR","og_type":"article","og_title":"Mon compte - Yuba Cargo Bikes","og_description":"Connectez-vous \u00e0 votre compte Yuba pour suivre vos commandes, g\u00e9rer vos livraisons et acc\u00e9der aux informations de garantie.","og_url":"https:\/\/yubabikes-dev.codebusters.app\/fr\/mon-compte\/","og_site_name":"Yubabikes","article_modified_time":"2025-01-02T15:40:23+00:00","og_image":[{"width":1200,"height":675,"url":"https:\/\/yubabikes-dev.codebusters.app\/wp-content\/uploads\/2025\/01\/social-graph-1200-x-675px-1.png","type":"image\/png"}],"twitter_card":"summary_large_image","twitter_misc":{"Dur\u00e9e de lecture estim\u00e9e":"1 minute"},"schema":{"@context":"https:\/\/schema.org","@graph":[{"@type":"WebPage","@id":"https:\/\/yubabikes-dev.codebusters.app\/fr\/mon-compte\/","url":"https:\/\/yubabikes-dev.codebusters.app\/fr\/mon-compte\/","name":"Mon compte - Yuba Cargo Bikes","isPartOf":{"@id":"https:\/\/yubabikes-dev.codebusters.app\/fr\/#website"},"datePublished":"2024-07-30T15:03:23+00:00","dateModified":"2025-01-02T15:40:23+00:00","description":"Connectez-vous \u00e0 votre compte Yuba pour suivre vos commandes, g\u00e9rer vos livraisons et acc\u00e9der aux informations de garantie.","breadcrumb":{"@id":"https:\/\/yubabikes-dev.codebusters.app\/fr\/mon-compte\/#breadcrumb"},"inLanguage":"fr-FR","potentialAction":[{"@type":"ReadAction","target":["https:\/\/yubabikes-dev.codebusters.app\/fr\/mon-compte\/"]}]},{"@type":"BreadcrumbList","@id":"https:\/\/yubabikes-dev.codebusters.app\/fr\/mon-compte\/#breadcrumb","itemListElement":[{"@type":"ListItem","position":1,"name":"Home","item":"https:\/\/yubabikes-dev.codebusters.app\/fr\/"},{"@type":"ListItem","position":2,"name":"Mon compte"}]},{"@type":"WebSite","@id":"https:\/\/yubabikes-dev.codebusters.app\/fr\/#website","url":"https:\/\/yubabikes-dev.codebusters.app\/fr\/","name":"Yuba Cargo Bikes","description":"Yuba - V\u00e9los cargo pour la famille et les professionnels","alternateName":"Yuba Bikes","potentialAction":[{"@type":"SearchAction","target":{"@type":"EntryPoint","urlTemplate":"https:\/\/yubabikes-dev.codebusters.app\/fr\/?s={search_term_string}"},"query-input":{"@type":"PropertyValueSpecification","valueRequired":true,"valueName":"search_term_string"}}],"inLanguage":"fr-FR"}]}},"_links":{"self":[{"href":"https:\/\/yubabikes-dev.codebusters.app\/fr\/wp-json\/wp\/v2\/pages\/3040","targetHints":{"allow":["GET"]}}],"collection":[{"href":"https:\/\/yubabikes-dev.codebusters.app\/fr\/wp-json\/wp\/v2\/pages"}],"about":[{"href":"https:\/\/yubabikes-dev.codebusters.app\/fr\/wp-json\/wp\/v2\/types\/page"}],"author":[{"embeddable":true,"href":"https:\/\/yubabikes-dev.codebusters.app\/fr\/wp-json\/wp\/v2\/users\/1"}],"replies":[{"embeddable":true,"href":"https:\/\/yubabikes-dev.codebusters.app\/fr\/wp-json\/wp\/v2\/comments?post=3040"}],"version-history":[{"count":1,"href":"https:\/\/yubabikes-dev.codebusters.app\/fr\/wp-json\/wp\/v2\/pages\/3040\/revisions"}],"predecessor-version":[{"id":7371,"href":"https:\/\/yubabikes-dev.codebusters.app\/fr\/wp-json\/wp\/v2\/pages\/3040\/revisions\/7371"}],"wp:attachment":[{"href":"https:\/\/yubabikes-dev.codebusters.app\/fr\/wp-json\/wp\/v2\/media?parent=3040"}],"curies":[{"name":"wp","href":"https:\/\/api.w.org\/{rel}","templated":true}]}}