{"id":3830,"date":"2024-11-25T11:59:15","date_gmt":"2024-11-25T11:59:15","guid":{"rendered":"https:\/\/yubabikes-dev.codebusters.app\/?page_id=3830"},"modified":"2025-01-02T15:33:24","modified_gmt":"2025-01-02T15:33:24","slug":"tests-et-evenements","status":"publish","type":"page","link":"https:\/\/yubabikes-dev.codebusters.app\/fr\/tests-et-evenements\/","title":{"rendered":"Journ\u00e9es test et \u00e9v\u00e9nements"},"content":{"rendered":"","protected":false},"excerpt":{"rendered":"","protected":false},"author":3,"featured_media":0,"parent":0,"menu_order":0,"comment_status":"closed","ping_status":"closed","template":"","meta":{"_acf_changed":false,"om_disable_all_campaigns":false,"inline_featured_image":false,"footnotes":""},"class_list":["post-3830","page","type-page","status-publish","hentry"],"acf":[],"yoast_head":"<!-- This site is optimized with the Yoast SEO plugin v26.6 - https:\/\/yoast.com\/wordpress\/plugins\/seo\/ -->\n<title>Essais &amp; \u00c9v\u00e9nements - Yuba Cargo Bikes<\/title>\n<meta name=\"description\" content=\"D\u00e9couvrez o\u00f9 tester les v\u00e9los cargo Yuba, explorer notre gamme et rencontrer l&#039;\u00e9quipe. Restez inform\u00e9 des \u00e9v\u00e9nements pr\u00e8s de chez vous.\" \/>\n<meta name=\"robots\" content=\"noindex, follow, max-snippet:-1, max-image-preview:large, max-video-preview:-1\" \/>\n<meta property=\"og:locale\" content=\"fr_FR\" \/>\n<meta property=\"og:type\" content=\"article\" \/>\n<meta property=\"og:title\" content=\"Essais &amp; \u00c9v\u00e9nements - Yuba Cargo Bikes\" \/>\n<meta property=\"og:description\" content=\"D\u00e9couvrez o\u00f9 tester les v\u00e9los cargo Yuba, explorer notre gamme et rencontrer l&#039;\u00e9quipe. Restez inform\u00e9 des \u00e9v\u00e9nements pr\u00e8s de chez vous.\" \/>\n<meta property=\"og:url\" content=\"https:\/\/yubabikes-dev.codebusters.app\/fr\/tests-et-evenements\/\" \/>\n<meta property=\"og:site_name\" content=\"Yubabikes\" \/>\n<meta property=\"article:modified_time\" content=\"2025-01-02T15:33:24+00:00\" \/>\n<meta property=\"og:image\" content=\"https:\/\/yubabikes-dev.codebusters.app\/wp-content\/uploads\/2025\/01\/social-graph-1200-x-675px-1.png\" \/>\n\t<meta property=\"og:image:width\" content=\"1200\" \/>\n\t<meta property=\"og:image:height\" content=\"675\" \/>\n\t<meta property=\"og:image:type\" content=\"image\/png\" \/>\n<meta name=\"twitter:card\" content=\"summary_large_image\" \/>\n<script type=\"application\/ld+json\" class=\"yoast-schema-graph\">{\"@context\":\"https:\/\/schema.org\",\"@graph\":[{\"@type\":\"WebPage\",\"@id\":\"https:\/\/yubabikes-dev.codebusters.app\/fr\/tests-et-evenements\/\",\"url\":\"https:\/\/yubabikes-dev.codebusters.app\/fr\/tests-et-evenements\/\",\"name\":\"Essais & \u00c9v\u00e9nements - Yuba Cargo Bikes\",\"isPartOf\":{\"@id\":\"https:\/\/yubabikes-dev.codebusters.app\/fr\/#website\"},\"datePublished\":\"2024-11-25T11:59:15+00:00\",\"dateModified\":\"2025-01-02T15:33:24+00:00\",\"description\":\"D\u00e9couvrez o\u00f9 tester les v\u00e9los cargo Yuba, explorer notre gamme et rencontrer l'\u00e9quipe. Restez inform\u00e9 des \u00e9v\u00e9nements pr\u00e8s de chez vous.\",\"breadcrumb\":{\"@id\":\"https:\/\/yubabikes-dev.codebusters.app\/fr\/tests-et-evenements\/#breadcrumb\"},\"inLanguage\":\"fr-FR\",\"potentialAction\":[{\"@type\":\"ReadAction\",\"target\":[\"https:\/\/yubabikes-dev.codebusters.app\/fr\/tests-et-evenements\/\"]}]},{\"@type\":\"BreadcrumbList\",\"@id\":\"https:\/\/yubabikes-dev.codebusters.app\/fr\/tests-et-evenements\/#breadcrumb\",\"itemListElement\":[{\"@type\":\"ListItem\",\"position\":1,\"name\":\"Home\",\"item\":\"https:\/\/yubabikes-dev.codebusters.app\/fr\/\"},{\"@type\":\"ListItem\",\"position\":2,\"name\":\"Journ\u00e9es test et \u00e9v\u00e9nements\"}]},{\"@type\":\"WebSite\",\"@id\":\"https:\/\/yubabikes-dev.codebusters.app\/fr\/#website\",\"url\":\"https:\/\/yubabikes-dev.codebusters.app\/fr\/\",\"name\":\"Yuba Cargo Bikes\",\"description\":\"Yuba - V\u00e9los cargo pour la famille et les professionnels\",\"alternateName\":\"Yuba Bikes\",\"potentialAction\":[{\"@type\":\"SearchAction\",\"target\":{\"@type\":\"EntryPoint\",\"urlTemplate\":\"https:\/\/yubabikes-dev.codebusters.app\/fr\/?s={search_term_string}\"},\"query-input\":{\"@type\":\"PropertyValueSpecification\",\"valueRequired\":true,\"valueName\":\"search_term_string\"}}],\"inLanguage\":\"fr-FR\"}]}<\/script>\n<!-- \/ Yoast SEO plugin. -->","yoast_head_json":{"title":"Essais & \u00c9v\u00e9nements - Yuba Cargo Bikes","description":"D\u00e9couvrez o\u00f9 tester les v\u00e9los cargo Yuba, explorer notre gamme et rencontrer l'\u00e9quipe. Restez inform\u00e9 des \u00e9v\u00e9nements pr\u00e8s de chez vous.","robots":{"index":"noindex","follow":"follow","max-snippet":"max-snippet:-1","max-image-preview":"max-image-preview:large","max-video-preview":"max-video-preview:-1"},"og_locale":"fr_FR","og_type":"article","og_title":"Essais & \u00c9v\u00e9nements - Yuba Cargo Bikes","og_description":"D\u00e9couvrez o\u00f9 tester les v\u00e9los cargo Yuba, explorer notre gamme et rencontrer l'\u00e9quipe. Restez inform\u00e9 des \u00e9v\u00e9nements pr\u00e8s de chez vous.","og_url":"https:\/\/yubabikes-dev.codebusters.app\/fr\/tests-et-evenements\/","og_site_name":"Yubabikes","article_modified_time":"2025-01-02T15:33:24+00:00","og_image":[{"width":1200,"height":675,"url":"https:\/\/yubabikes-dev.codebusters.app\/wp-content\/uploads\/2025\/01\/social-graph-1200-x-675px-1.png","type":"image\/png"}],"twitter_card":"summary_large_image","schema":{"@context":"https:\/\/schema.org","@graph":[{"@type":"WebPage","@id":"https:\/\/yubabikes-dev.codebusters.app\/fr\/tests-et-evenements\/","url":"https:\/\/yubabikes-dev.codebusters.app\/fr\/tests-et-evenements\/","name":"Essais & \u00c9v\u00e9nements - Yuba Cargo Bikes","isPartOf":{"@id":"https:\/\/yubabikes-dev.codebusters.app\/fr\/#website"},"datePublished":"2024-11-25T11:59:15+00:00","dateModified":"2025-01-02T15:33:24+00:00","description":"D\u00e9couvrez o\u00f9 tester les v\u00e9los cargo Yuba, explorer notre gamme et rencontrer l'\u00e9quipe. Restez inform\u00e9 des \u00e9v\u00e9nements pr\u00e8s de chez vous.","breadcrumb":{"@id":"https:\/\/yubabikes-dev.codebusters.app\/fr\/tests-et-evenements\/#breadcrumb"},"inLanguage":"fr-FR","potentialAction":[{"@type":"ReadAction","target":["https:\/\/yubabikes-dev.codebusters.app\/fr\/tests-et-evenements\/"]}]},{"@type":"BreadcrumbList","@id":"https:\/\/yubabikes-dev.codebusters.app\/fr\/tests-et-evenements\/#breadcrumb","itemListElement":[{"@type":"ListItem","position":1,"name":"Home","item":"https:\/\/yubabikes-dev.codebusters.app\/fr\/"},{"@type":"ListItem","position":2,"name":"Journ\u00e9es test et \u00e9v\u00e9nements"}]},{"@type":"WebSite","@id":"https:\/\/yubabikes-dev.codebusters.app\/fr\/#website","url":"https:\/\/yubabikes-dev.codebusters.app\/fr\/","name":"Yuba Cargo Bikes","description":"Yuba - V\u00e9los cargo pour la famille et les professionnels","alternateName":"Yuba Bikes","potentialAction":[{"@type":"SearchAction","target":{"@type":"EntryPoint","urlTemplate":"https:\/\/yubabikes-dev.codebusters.app\/fr\/?s={search_term_string}"},"query-input":{"@type":"PropertyValueSpecification","valueRequired":true,"valueName":"search_term_string"}}],"inLanguage":"fr-FR"}]}},"_links":{"self":[{"href":"https:\/\/yubabikes-dev.codebusters.app\/fr\/wp-json\/wp\/v2\/pages\/3830","targetHints":{"allow":["GET"]}}],"collection":[{"href":"https:\/\/yubabikes-dev.codebusters.app\/fr\/wp-json\/wp\/v2\/pages"}],"about":[{"href":"https:\/\/yubabikes-dev.codebusters.app\/fr\/wp-json\/wp\/v2\/types\/page"}],"author":[{"embeddable":true,"href":"https:\/\/yubabikes-dev.codebusters.app\/fr\/wp-json\/wp\/v2\/users\/3"}],"replies":[{"embeddable":true,"href":"https:\/\/yubabikes-dev.codebusters.app\/fr\/wp-json\/wp\/v2\/comments?post=3830"}],"version-history":[{"count":1,"href":"https:\/\/yubabikes-dev.codebusters.app\/fr\/wp-json\/wp\/v2\/pages\/3830\/revisions"}],"predecessor-version":[{"id":3831,"href":"https:\/\/yubabikes-dev.codebusters.app\/fr\/wp-json\/wp\/v2\/pages\/3830\/revisions\/3831"}],"wp:attachment":[{"href":"https:\/\/yubabikes-dev.codebusters.app\/fr\/wp-json\/wp\/v2\/media?parent=3830"}],"curies":[{"name":"wp","href":"https:\/\/api.w.org\/{rel}","templated":true}]}}