{"id":4317,"date":"2024-12-16T08:40:11","date_gmt":"2024-12-16T08:40:11","guid":{"rendered":"https:\/\/yubabikes-dev.codebusters.app\/?page_id=4317"},"modified":"2025-01-02T15:43:39","modified_gmt":"2025-01-02T15:43:39","slug":"termes-et-conditions","status":"publish","type":"page","link":"https:\/\/yubabikes-dev.codebusters.app\/fr\/termes-et-conditions\/","title":{"rendered":"Termes et conditions"},"content":{"rendered":"","protected":false},"excerpt":{"rendered":"","protected":false},"author":3,"featured_media":0,"parent":0,"menu_order":0,"comment_status":"closed","ping_status":"closed","template":"","meta":{"_acf_changed":false,"om_disable_all_campaigns":false,"inline_featured_image":false,"footnotes":""},"class_list":["post-4317","page","type-page","status-publish","hentry"],"acf":[],"yoast_head":"<!-- This site is optimized with the Yoast SEO plugin v26.6 - https:\/\/yoast.com\/wordpress\/plugins\/seo\/ -->\n<title>Conditions g\u00e9n\u00e9rales - Yuba Cargo Bikes<\/title>\n<meta name=\"description\" content=\"Consultez les conditions g\u00e9n\u00e9rales de Yuba pour les achats, les garanties et l&#039;utilisation du site web. Comprenez vos droits et responsabilit\u00e9s en tant que client Yuba.\" \/>\n<meta name=\"robots\" content=\"noindex, follow, max-snippet:-1, max-image-preview:large, max-video-preview:-1\" \/>\n<meta property=\"og:locale\" content=\"fr_FR\" \/>\n<meta property=\"og:type\" content=\"article\" \/>\n<meta property=\"og:title\" content=\"Conditions g\u00e9n\u00e9rales - Yuba Cargo Bikes\" \/>\n<meta property=\"og:description\" content=\"Consultez les conditions g\u00e9n\u00e9rales de Yuba pour les achats, les garanties et l&#039;utilisation du site web. Comprenez vos droits et responsabilit\u00e9s en tant que client Yuba.\" \/>\n<meta property=\"og:url\" content=\"https:\/\/yubabikes-dev.codebusters.app\/fr\/termes-et-conditions\/\" \/>\n<meta property=\"og:site_name\" content=\"Yubabikes\" \/>\n<meta property=\"article:modified_time\" content=\"2025-01-02T15:43:39+00:00\" \/>\n<meta property=\"og:image\" content=\"https:\/\/yubabikes-dev.codebusters.app\/wp-content\/uploads\/2025\/01\/social-graph-1200-x-675px-1.png\" \/>\n\t<meta property=\"og:image:width\" content=\"1200\" \/>\n\t<meta property=\"og:image:height\" content=\"675\" \/>\n\t<meta property=\"og:image:type\" content=\"image\/png\" \/>\n<meta name=\"twitter:card\" content=\"summary_large_image\" \/>\n<script type=\"application\/ld+json\" class=\"yoast-schema-graph\">{\"@context\":\"https:\/\/schema.org\",\"@graph\":[{\"@type\":\"WebPage\",\"@id\":\"https:\/\/yubabikes-dev.codebusters.app\/fr\/termes-et-conditions\/\",\"url\":\"https:\/\/yubabikes-dev.codebusters.app\/fr\/termes-et-conditions\/\",\"name\":\"Conditions g\u00e9n\u00e9rales - Yuba Cargo Bikes\",\"isPartOf\":{\"@id\":\"https:\/\/yubabikes-dev.codebusters.app\/fr\/#website\"},\"datePublished\":\"2024-12-16T08:40:11+00:00\",\"dateModified\":\"2025-01-02T15:43:39+00:00\",\"description\":\"Consultez les conditions g\u00e9n\u00e9rales de Yuba pour les achats, les garanties et l'utilisation du site web. Comprenez vos droits et responsabilit\u00e9s en tant que client Yuba.\",\"breadcrumb\":{\"@id\":\"https:\/\/yubabikes-dev.codebusters.app\/fr\/termes-et-conditions\/#breadcrumb\"},\"inLanguage\":\"fr-FR\",\"potentialAction\":[{\"@type\":\"ReadAction\",\"target\":[\"https:\/\/yubabikes-dev.codebusters.app\/fr\/termes-et-conditions\/\"]}]},{\"@type\":\"BreadcrumbList\",\"@id\":\"https:\/\/yubabikes-dev.codebusters.app\/fr\/termes-et-conditions\/#breadcrumb\",\"itemListElement\":[{\"@type\":\"ListItem\",\"position\":1,\"name\":\"Home\",\"item\":\"https:\/\/yubabikes-dev.codebusters.app\/fr\/\"},{\"@type\":\"ListItem\",\"position\":2,\"name\":\"Termes et conditions\"}]},{\"@type\":\"WebSite\",\"@id\":\"https:\/\/yubabikes-dev.codebusters.app\/fr\/#website\",\"url\":\"https:\/\/yubabikes-dev.codebusters.app\/fr\/\",\"name\":\"Yuba Cargo Bikes\",\"description\":\"Yuba - V\u00e9los cargo pour la famille et les professionnels\",\"alternateName\":\"Yuba Bikes\",\"potentialAction\":[{\"@type\":\"SearchAction\",\"target\":{\"@type\":\"EntryPoint\",\"urlTemplate\":\"https:\/\/yubabikes-dev.codebusters.app\/fr\/?s={search_term_string}\"},\"query-input\":{\"@type\":\"PropertyValueSpecification\",\"valueRequired\":true,\"valueName\":\"search_term_string\"}}],\"inLanguage\":\"fr-FR\"}]}<\/script>\n<!-- \/ Yoast SEO plugin. -->","yoast_head_json":{"title":"Conditions g\u00e9n\u00e9rales - Yuba Cargo Bikes","description":"Consultez les conditions g\u00e9n\u00e9rales de Yuba pour les achats, les garanties et l'utilisation du site web. Comprenez vos droits et responsabilit\u00e9s en tant que client Yuba.","robots":{"index":"noindex","follow":"follow","max-snippet":"max-snippet:-1","max-image-preview":"max-image-preview:large","max-video-preview":"max-video-preview:-1"},"og_locale":"fr_FR","og_type":"article","og_title":"Conditions g\u00e9n\u00e9rales - Yuba Cargo Bikes","og_description":"Consultez les conditions g\u00e9n\u00e9rales de Yuba pour les achats, les garanties et l'utilisation du site web. Comprenez vos droits et responsabilit\u00e9s en tant que client Yuba.","og_url":"https:\/\/yubabikes-dev.codebusters.app\/fr\/termes-et-conditions\/","og_site_name":"Yubabikes","article_modified_time":"2025-01-02T15:43:39+00:00","og_image":[{"width":1200,"height":675,"url":"https:\/\/yubabikes-dev.codebusters.app\/wp-content\/uploads\/2025\/01\/social-graph-1200-x-675px-1.png","type":"image\/png"}],"twitter_card":"summary_large_image","schema":{"@context":"https:\/\/schema.org","@graph":[{"@type":"WebPage","@id":"https:\/\/yubabikes-dev.codebusters.app\/fr\/termes-et-conditions\/","url":"https:\/\/yubabikes-dev.codebusters.app\/fr\/termes-et-conditions\/","name":"Conditions g\u00e9n\u00e9rales - Yuba Cargo Bikes","isPartOf":{"@id":"https:\/\/yubabikes-dev.codebusters.app\/fr\/#website"},"datePublished":"2024-12-16T08:40:11+00:00","dateModified":"2025-01-02T15:43:39+00:00","description":"Consultez les conditions g\u00e9n\u00e9rales de Yuba pour les achats, les garanties et l'utilisation du site web. Comprenez vos droits et responsabilit\u00e9s en tant que client Yuba.","breadcrumb":{"@id":"https:\/\/yubabikes-dev.codebusters.app\/fr\/termes-et-conditions\/#breadcrumb"},"inLanguage":"fr-FR","potentialAction":[{"@type":"ReadAction","target":["https:\/\/yubabikes-dev.codebusters.app\/fr\/termes-et-conditions\/"]}]},{"@type":"BreadcrumbList","@id":"https:\/\/yubabikes-dev.codebusters.app\/fr\/termes-et-conditions\/#breadcrumb","itemListElement":[{"@type":"ListItem","position":1,"name":"Home","item":"https:\/\/yubabikes-dev.codebusters.app\/fr\/"},{"@type":"ListItem","position":2,"name":"Termes et conditions"}]},{"@type":"WebSite","@id":"https:\/\/yubabikes-dev.codebusters.app\/fr\/#website","url":"https:\/\/yubabikes-dev.codebusters.app\/fr\/","name":"Yuba Cargo Bikes","description":"Yuba - V\u00e9los cargo pour la famille et les professionnels","alternateName":"Yuba Bikes","potentialAction":[{"@type":"SearchAction","target":{"@type":"EntryPoint","urlTemplate":"https:\/\/yubabikes-dev.codebusters.app\/fr\/?s={search_term_string}"},"query-input":{"@type":"PropertyValueSpecification","valueRequired":true,"valueName":"search_term_string"}}],"inLanguage":"fr-FR"}]}},"_links":{"self":[{"href":"https:\/\/yubabikes-dev.codebusters.app\/fr\/wp-json\/wp\/v2\/pages\/4317","targetHints":{"allow":["GET"]}}],"collection":[{"href":"https:\/\/yubabikes-dev.codebusters.app\/fr\/wp-json\/wp\/v2\/pages"}],"about":[{"href":"https:\/\/yubabikes-dev.codebusters.app\/fr\/wp-json\/wp\/v2\/types\/page"}],"author":[{"embeddable":true,"href":"https:\/\/yubabikes-dev.codebusters.app\/fr\/wp-json\/wp\/v2\/users\/3"}],"replies":[{"embeddable":true,"href":"https:\/\/yubabikes-dev.codebusters.app\/fr\/wp-json\/wp\/v2\/comments?post=4317"}],"version-history":[{"count":2,"href":"https:\/\/yubabikes-dev.codebusters.app\/fr\/wp-json\/wp\/v2\/pages\/4317\/revisions"}],"predecessor-version":[{"id":4323,"href":"https:\/\/yubabikes-dev.codebusters.app\/fr\/wp-json\/wp\/v2\/pages\/4317\/revisions\/4323"}],"wp:attachment":[{"href":"https:\/\/yubabikes-dev.codebusters.app\/fr\/wp-json\/wp\/v2\/media?parent=4317"}],"curies":[{"name":"wp","href":"https:\/\/api.w.org\/{rel}","templated":true}]}}