{"id":4319,"date":"2024-12-13T14:19:20","date_gmt":"2024-12-13T14:19:20","guid":{"rendered":"https:\/\/yubabikes-dev.codebusters.app\/?page_id=4319"},"modified":"2025-01-08T09:10:16","modified_gmt":"2025-01-08T09:10:16","slug":"jobs","status":"publish","type":"page","link":"https:\/\/yubabikes-dev.codebusters.app\/fr\/jobs\/","title":{"rendered":"Jobs"},"content":{"rendered":"","protected":false},"excerpt":{"rendered":"","protected":false},"author":3,"featured_media":0,"parent":0,"menu_order":0,"comment_status":"closed","ping_status":"closed","template":"","meta":{"_acf_changed":false,"om_disable_all_campaigns":false,"inline_featured_image":false,"footnotes":""},"class_list":["post-4319","page","type-page","status-publish","hentry"],"acf":[],"yoast_head":"<!-- This site is optimized with the Yoast SEO plugin v26.6 - https:\/\/yoast.com\/wordpress\/plugins\/seo\/ -->\n<title>Carri\u00e8res chez Yuba - Participez \u00e0 la mobilit\u00e9 de demain<\/title>\n<meta name=\"description\" content=\"Rejoignez Yuba Cargo Bikes et d\u00e9couvrez des opportunit\u00e9s de carri\u00e8re dans une \u00e9quipe innovante d\u00e9di\u00e9e \u00e0 la mobilit\u00e9 durable.\" \/>\n<meta name=\"robots\" content=\"noindex, follow, max-snippet:-1, max-image-preview:large, max-video-preview:-1\" \/>\n<meta property=\"og:locale\" content=\"fr_FR\" \/>\n<meta property=\"og:type\" content=\"article\" \/>\n<meta property=\"og:title\" content=\"Carri\u00e8res chez Yuba - Participez \u00e0 la mobilit\u00e9 de demain\" \/>\n<meta property=\"og:description\" content=\"Rejoignez Yuba Cargo Bikes et d\u00e9couvrez des opportunit\u00e9s de carri\u00e8re dans une \u00e9quipe innovante d\u00e9di\u00e9e \u00e0 la mobilit\u00e9 durable.\" \/>\n<meta property=\"og:url\" content=\"https:\/\/yubabikes-dev.codebusters.app\/fr\/jobs\/\" \/>\n<meta property=\"og:site_name\" content=\"Yubabikes\" \/>\n<meta property=\"article:modified_time\" content=\"2025-01-08T09:10:16+00:00\" \/>\n<meta property=\"og:image\" content=\"https:\/\/yubabikes-dev.codebusters.app\/wp-content\/uploads\/2025\/01\/social-graph-1200-x-675px-1.png\" \/>\n\t<meta property=\"og:image:width\" content=\"1200\" \/>\n\t<meta property=\"og:image:height\" content=\"675\" \/>\n\t<meta property=\"og:image:type\" content=\"image\/png\" \/>\n<meta name=\"twitter:card\" content=\"summary_large_image\" \/>\n<script type=\"application\/ld+json\" class=\"yoast-schema-graph\">{\"@context\":\"https:\/\/schema.org\",\"@graph\":[{\"@type\":\"WebPage\",\"@id\":\"https:\/\/yubabikes-dev.codebusters.app\/fr\/jobs\/\",\"url\":\"https:\/\/yubabikes-dev.codebusters.app\/fr\/jobs\/\",\"name\":\"Carri\u00e8res chez Yuba - Participez \u00e0 la mobilit\u00e9 de demain\",\"isPartOf\":{\"@id\":\"https:\/\/yubabikes-dev.codebusters.app\/fr\/#website\"},\"datePublished\":\"2024-12-13T14:19:20+00:00\",\"dateModified\":\"2025-01-08T09:10:16+00:00\",\"description\":\"Rejoignez Yuba Cargo Bikes et d\u00e9couvrez des opportunit\u00e9s de carri\u00e8re dans une \u00e9quipe innovante d\u00e9di\u00e9e \u00e0 la mobilit\u00e9 durable.\",\"breadcrumb\":{\"@id\":\"https:\/\/yubabikes-dev.codebusters.app\/fr\/jobs\/#breadcrumb\"},\"inLanguage\":\"fr-FR\",\"potentialAction\":[{\"@type\":\"ReadAction\",\"target\":[\"https:\/\/yubabikes-dev.codebusters.app\/fr\/jobs\/\"]}]},{\"@type\":\"BreadcrumbList\",\"@id\":\"https:\/\/yubabikes-dev.codebusters.app\/fr\/jobs\/#breadcrumb\",\"itemListElement\":[{\"@type\":\"ListItem\",\"position\":1,\"name\":\"Home\",\"item\":\"https:\/\/yubabikes-dev.codebusters.app\/fr\/\"},{\"@type\":\"ListItem\",\"position\":2,\"name\":\"Jobs\"}]},{\"@type\":\"WebSite\",\"@id\":\"https:\/\/yubabikes-dev.codebusters.app\/fr\/#website\",\"url\":\"https:\/\/yubabikes-dev.codebusters.app\/fr\/\",\"name\":\"Yuba Cargo Bikes\",\"description\":\"Yuba - V\u00e9los cargo pour la famille et les professionnels\",\"alternateName\":\"Yuba Bikes\",\"potentialAction\":[{\"@type\":\"SearchAction\",\"target\":{\"@type\":\"EntryPoint\",\"urlTemplate\":\"https:\/\/yubabikes-dev.codebusters.app\/fr\/?s={search_term_string}\"},\"query-input\":{\"@type\":\"PropertyValueSpecification\",\"valueRequired\":true,\"valueName\":\"search_term_string\"}}],\"inLanguage\":\"fr-FR\"}]}<\/script>\n<!-- \/ Yoast SEO plugin. -->","yoast_head_json":{"title":"Carri\u00e8res chez Yuba - Participez \u00e0 la mobilit\u00e9 de demain","description":"Rejoignez Yuba Cargo Bikes et d\u00e9couvrez des opportunit\u00e9s de carri\u00e8re dans une \u00e9quipe innovante d\u00e9di\u00e9e \u00e0 la mobilit\u00e9 durable.","robots":{"index":"noindex","follow":"follow","max-snippet":"max-snippet:-1","max-image-preview":"max-image-preview:large","max-video-preview":"max-video-preview:-1"},"og_locale":"fr_FR","og_type":"article","og_title":"Carri\u00e8res chez Yuba - Participez \u00e0 la mobilit\u00e9 de demain","og_description":"Rejoignez Yuba Cargo Bikes et d\u00e9couvrez des opportunit\u00e9s de carri\u00e8re dans une \u00e9quipe innovante d\u00e9di\u00e9e \u00e0 la mobilit\u00e9 durable.","og_url":"https:\/\/yubabikes-dev.codebusters.app\/fr\/jobs\/","og_site_name":"Yubabikes","article_modified_time":"2025-01-08T09:10:16+00:00","og_image":[{"width":1200,"height":675,"url":"https:\/\/yubabikes-dev.codebusters.app\/wp-content\/uploads\/2025\/01\/social-graph-1200-x-675px-1.png","type":"image\/png"}],"twitter_card":"summary_large_image","schema":{"@context":"https:\/\/schema.org","@graph":[{"@type":"WebPage","@id":"https:\/\/yubabikes-dev.codebusters.app\/fr\/jobs\/","url":"https:\/\/yubabikes-dev.codebusters.app\/fr\/jobs\/","name":"Carri\u00e8res chez Yuba - Participez \u00e0 la mobilit\u00e9 de demain","isPartOf":{"@id":"https:\/\/yubabikes-dev.codebusters.app\/fr\/#website"},"datePublished":"2024-12-13T14:19:20+00:00","dateModified":"2025-01-08T09:10:16+00:00","description":"Rejoignez Yuba Cargo Bikes et d\u00e9couvrez des opportunit\u00e9s de carri\u00e8re dans une \u00e9quipe innovante d\u00e9di\u00e9e \u00e0 la mobilit\u00e9 durable.","breadcrumb":{"@id":"https:\/\/yubabikes-dev.codebusters.app\/fr\/jobs\/#breadcrumb"},"inLanguage":"fr-FR","potentialAction":[{"@type":"ReadAction","target":["https:\/\/yubabikes-dev.codebusters.app\/fr\/jobs\/"]}]},{"@type":"BreadcrumbList","@id":"https:\/\/yubabikes-dev.codebusters.app\/fr\/jobs\/#breadcrumb","itemListElement":[{"@type":"ListItem","position":1,"name":"Home","item":"https:\/\/yubabikes-dev.codebusters.app\/fr\/"},{"@type":"ListItem","position":2,"name":"Jobs"}]},{"@type":"WebSite","@id":"https:\/\/yubabikes-dev.codebusters.app\/fr\/#website","url":"https:\/\/yubabikes-dev.codebusters.app\/fr\/","name":"Yuba Cargo Bikes","description":"Yuba - V\u00e9los cargo pour la famille et les professionnels","alternateName":"Yuba Bikes","potentialAction":[{"@type":"SearchAction","target":{"@type":"EntryPoint","urlTemplate":"https:\/\/yubabikes-dev.codebusters.app\/fr\/?s={search_term_string}"},"query-input":{"@type":"PropertyValueSpecification","valueRequired":true,"valueName":"search_term_string"}}],"inLanguage":"fr-FR"}]}},"_links":{"self":[{"href":"https:\/\/yubabikes-dev.codebusters.app\/fr\/wp-json\/wp\/v2\/pages\/4319","targetHints":{"allow":["GET"]}}],"collection":[{"href":"https:\/\/yubabikes-dev.codebusters.app\/fr\/wp-json\/wp\/v2\/pages"}],"about":[{"href":"https:\/\/yubabikes-dev.codebusters.app\/fr\/wp-json\/wp\/v2\/types\/page"}],"author":[{"embeddable":true,"href":"https:\/\/yubabikes-dev.codebusters.app\/fr\/wp-json\/wp\/v2\/users\/3"}],"replies":[{"embeddable":true,"href":"https:\/\/yubabikes-dev.codebusters.app\/fr\/wp-json\/wp\/v2\/comments?post=4319"}],"version-history":[{"count":5,"href":"https:\/\/yubabikes-dev.codebusters.app\/fr\/wp-json\/wp\/v2\/pages\/4319\/revisions"}],"predecessor-version":[{"id":7881,"href":"https:\/\/yubabikes-dev.codebusters.app\/fr\/wp-json\/wp\/v2\/pages\/4319\/revisions\/7881"}],"wp:attachment":[{"href":"https:\/\/yubabikes-dev.codebusters.app\/fr\/wp-json\/wp\/v2\/media?parent=4319"}],"curies":[{"name":"wp","href":"https:\/\/api.w.org\/{rel}","templated":true}]}}