{"id":4321,"date":"2024-12-11T10:16:41","date_gmt":"2024-12-11T10:16:41","guid":{"rendered":"https:\/\/yubabikes-dev.codebusters.app\/?page_id=4321"},"modified":"2025-01-07T13:43:59","modified_gmt":"2025-01-07T13:43:59","slug":"enregistrer-mon-velo","status":"publish","type":"page","link":"https:\/\/yubabikes-dev.codebusters.app\/fr\/enregistrer-mon-velo\/","title":{"rendered":"Enregistrer mon v\u00e9lo"},"content":{"rendered":"","protected":false},"excerpt":{"rendered":"","protected":false},"author":3,"featured_media":0,"parent":0,"menu_order":0,"comment_status":"closed","ping_status":"closed","template":"","meta":{"_acf_changed":false,"om_disable_all_campaigns":false,"inline_featured_image":false,"footnotes":""},"class_list":["post-4321","page","type-page","status-publish","hentry"],"acf":[],"yoast_head":"<!-- This site is optimized with the Yoast SEO plugin v26.6 - https:\/\/yoast.com\/wordpress\/plugins\/seo\/ -->\n<title>Enregistrez votre Yuba - Garantie 15 ans et avantages exclusifs<\/title>\n<meta name=\"description\" content=\"Enregistrez votre v\u00e9lo Yuba en une minute pour prolonger la garantie du cadre \u00e0 15 ans, recevoir un cadeau de bienvenue et acc\u00e9der \u00e0 des avantages exclusifs r\u00e9serv\u00e9s \u00e0 nos Aficionados.\" \/>\n<meta name=\"robots\" content=\"noindex, follow, max-snippet:-1, max-image-preview:large, max-video-preview:-1\" \/>\n<meta property=\"og:locale\" content=\"fr_FR\" \/>\n<meta property=\"og:type\" content=\"article\" \/>\n<meta property=\"og:title\" content=\"Enregistrez votre Yuba - Garantie 15 ans et avantages exclusifs\" \/>\n<meta property=\"og:description\" content=\"Enregistrez votre v\u00e9lo Yuba en une minute pour prolonger la garantie du cadre \u00e0 15 ans, recevoir un cadeau de bienvenue et acc\u00e9der \u00e0 des avantages exclusifs r\u00e9serv\u00e9s \u00e0 nos Aficionados.\" \/>\n<meta property=\"og:url\" content=\"https:\/\/yubabikes-dev.codebusters.app\/fr\/enregistrer-mon-velo\/\" \/>\n<meta property=\"og:site_name\" content=\"Yubabikes\" \/>\n<meta property=\"article:modified_time\" content=\"2025-01-07T13:43:59+00:00\" \/>\n<meta property=\"og:image\" content=\"https:\/\/yubabikes-dev.codebusters.app\/wp-content\/uploads\/2025\/01\/social-graph-1200-x-675px-1.png\" \/>\n\t<meta property=\"og:image:width\" content=\"1200\" \/>\n\t<meta property=\"og:image:height\" content=\"675\" \/>\n\t<meta property=\"og:image:type\" content=\"image\/png\" \/>\n<meta name=\"twitter:card\" content=\"summary_large_image\" \/>\n<script type=\"application\/ld+json\" class=\"yoast-schema-graph\">{\"@context\":\"https:\/\/schema.org\",\"@graph\":[{\"@type\":\"WebPage\",\"@id\":\"https:\/\/yubabikes-dev.codebusters.app\/fr\/enregistrer-mon-velo\/\",\"url\":\"https:\/\/yubabikes-dev.codebusters.app\/fr\/enregistrer-mon-velo\/\",\"name\":\"Enregistrez votre Yuba - Garantie 15 ans et avantages exclusifs\",\"isPartOf\":{\"@id\":\"https:\/\/yubabikes-dev.codebusters.app\/fr\/#website\"},\"datePublished\":\"2024-12-11T10:16:41+00:00\",\"dateModified\":\"2025-01-07T13:43:59+00:00\",\"description\":\"Enregistrez votre v\u00e9lo Yuba en une minute pour prolonger la garantie du cadre \u00e0 15 ans, recevoir un cadeau de bienvenue et acc\u00e9der \u00e0 des avantages exclusifs r\u00e9serv\u00e9s \u00e0 nos Aficionados.\",\"breadcrumb\":{\"@id\":\"https:\/\/yubabikes-dev.codebusters.app\/fr\/enregistrer-mon-velo\/#breadcrumb\"},\"inLanguage\":\"fr-FR\",\"potentialAction\":[{\"@type\":\"ReadAction\",\"target\":[\"https:\/\/yubabikes-dev.codebusters.app\/fr\/enregistrer-mon-velo\/\"]}]},{\"@type\":\"BreadcrumbList\",\"@id\":\"https:\/\/yubabikes-dev.codebusters.app\/fr\/enregistrer-mon-velo\/#breadcrumb\",\"itemListElement\":[{\"@type\":\"ListItem\",\"position\":1,\"name\":\"Home\",\"item\":\"https:\/\/yubabikes-dev.codebusters.app\/fr\/\"},{\"@type\":\"ListItem\",\"position\":2,\"name\":\"Enregistrer mon v\u00e9lo\"}]},{\"@type\":\"WebSite\",\"@id\":\"https:\/\/yubabikes-dev.codebusters.app\/fr\/#website\",\"url\":\"https:\/\/yubabikes-dev.codebusters.app\/fr\/\",\"name\":\"Yuba Cargo Bikes\",\"description\":\"Yuba - V\u00e9los cargo pour la famille et les professionnels\",\"alternateName\":\"Yuba Bikes\",\"potentialAction\":[{\"@type\":\"SearchAction\",\"target\":{\"@type\":\"EntryPoint\",\"urlTemplate\":\"https:\/\/yubabikes-dev.codebusters.app\/fr\/?s={search_term_string}\"},\"query-input\":{\"@type\":\"PropertyValueSpecification\",\"valueRequired\":true,\"valueName\":\"search_term_string\"}}],\"inLanguage\":\"fr-FR\"}]}<\/script>\n<!-- \/ Yoast SEO plugin. -->","yoast_head_json":{"title":"Enregistrez votre Yuba - Garantie 15 ans et avantages exclusifs","description":"Enregistrez votre v\u00e9lo Yuba en une minute pour prolonger la garantie du cadre \u00e0 15 ans, recevoir un cadeau de bienvenue et acc\u00e9der \u00e0 des avantages exclusifs r\u00e9serv\u00e9s \u00e0 nos Aficionados.","robots":{"index":"noindex","follow":"follow","max-snippet":"max-snippet:-1","max-image-preview":"max-image-preview:large","max-video-preview":"max-video-preview:-1"},"og_locale":"fr_FR","og_type":"article","og_title":"Enregistrez votre Yuba - Garantie 15 ans et avantages exclusifs","og_description":"Enregistrez votre v\u00e9lo Yuba en une minute pour prolonger la garantie du cadre \u00e0 15 ans, recevoir un cadeau de bienvenue et acc\u00e9der \u00e0 des avantages exclusifs r\u00e9serv\u00e9s \u00e0 nos Aficionados.","og_url":"https:\/\/yubabikes-dev.codebusters.app\/fr\/enregistrer-mon-velo\/","og_site_name":"Yubabikes","article_modified_time":"2025-01-07T13:43:59+00:00","og_image":[{"width":1200,"height":675,"url":"https:\/\/yubabikes-dev.codebusters.app\/wp-content\/uploads\/2025\/01\/social-graph-1200-x-675px-1.png","type":"image\/png"}],"twitter_card":"summary_large_image","schema":{"@context":"https:\/\/schema.org","@graph":[{"@type":"WebPage","@id":"https:\/\/yubabikes-dev.codebusters.app\/fr\/enregistrer-mon-velo\/","url":"https:\/\/yubabikes-dev.codebusters.app\/fr\/enregistrer-mon-velo\/","name":"Enregistrez votre Yuba - Garantie 15 ans et avantages exclusifs","isPartOf":{"@id":"https:\/\/yubabikes-dev.codebusters.app\/fr\/#website"},"datePublished":"2024-12-11T10:16:41+00:00","dateModified":"2025-01-07T13:43:59+00:00","description":"Enregistrez votre v\u00e9lo Yuba en une minute pour prolonger la garantie du cadre \u00e0 15 ans, recevoir un cadeau de bienvenue et acc\u00e9der \u00e0 des avantages exclusifs r\u00e9serv\u00e9s \u00e0 nos Aficionados.","breadcrumb":{"@id":"https:\/\/yubabikes-dev.codebusters.app\/fr\/enregistrer-mon-velo\/#breadcrumb"},"inLanguage":"fr-FR","potentialAction":[{"@type":"ReadAction","target":["https:\/\/yubabikes-dev.codebusters.app\/fr\/enregistrer-mon-velo\/"]}]},{"@type":"BreadcrumbList","@id":"https:\/\/yubabikes-dev.codebusters.app\/fr\/enregistrer-mon-velo\/#breadcrumb","itemListElement":[{"@type":"ListItem","position":1,"name":"Home","item":"https:\/\/yubabikes-dev.codebusters.app\/fr\/"},{"@type":"ListItem","position":2,"name":"Enregistrer mon v\u00e9lo"}]},{"@type":"WebSite","@id":"https:\/\/yubabikes-dev.codebusters.app\/fr\/#website","url":"https:\/\/yubabikes-dev.codebusters.app\/fr\/","name":"Yuba Cargo Bikes","description":"Yuba - V\u00e9los cargo pour la famille et les professionnels","alternateName":"Yuba Bikes","potentialAction":[{"@type":"SearchAction","target":{"@type":"EntryPoint","urlTemplate":"https:\/\/yubabikes-dev.codebusters.app\/fr\/?s={search_term_string}"},"query-input":{"@type":"PropertyValueSpecification","valueRequired":true,"valueName":"search_term_string"}}],"inLanguage":"fr-FR"}]}},"_links":{"self":[{"href":"https:\/\/yubabikes-dev.codebusters.app\/fr\/wp-json\/wp\/v2\/pages\/4321","targetHints":{"allow":["GET"]}}],"collection":[{"href":"https:\/\/yubabikes-dev.codebusters.app\/fr\/wp-json\/wp\/v2\/pages"}],"about":[{"href":"https:\/\/yubabikes-dev.codebusters.app\/fr\/wp-json\/wp\/v2\/types\/page"}],"author":[{"embeddable":true,"href":"https:\/\/yubabikes-dev.codebusters.app\/fr\/wp-json\/wp\/v2\/users\/3"}],"replies":[{"embeddable":true,"href":"https:\/\/yubabikes-dev.codebusters.app\/fr\/wp-json\/wp\/v2\/comments?post=4321"}],"version-history":[{"count":4,"href":"https:\/\/yubabikes-dev.codebusters.app\/fr\/wp-json\/wp\/v2\/pages\/4321\/revisions"}],"predecessor-version":[{"id":4394,"href":"https:\/\/yubabikes-dev.codebusters.app\/fr\/wp-json\/wp\/v2\/pages\/4321\/revisions\/4394"}],"wp:attachment":[{"href":"https:\/\/yubabikes-dev.codebusters.app\/fr\/wp-json\/wp\/v2\/media?parent=4321"}],"curies":[{"name":"wp","href":"https:\/\/api.w.org\/{rel}","templated":true}]}}