{"id":3073,"date":"2024-10-10T14:24:00","date_gmt":"2024-10-10T14:24:00","guid":{"rendered":"https:\/\/yubabikes-dev.codebusters.app\/product\/extension-sac-2-go\/"},"modified":"2025-01-08T10:02:13","modified_gmt":"2025-01-08T10:02:13","slug":"extension-sac-2-go","status":"publish","type":"product","link":"https:\/\/yubabikes-dev.codebusters.app\/fr\/produit\/extension-sac-2-go\/","title":{"rendered":"Extension Sac 2-Go"},"content":{"rendered":"","protected":false},"excerpt":{"rendered":"<p>Cr\u00e9ez de l&#8217;espace !<\/p>\n","protected":false},"featured_media":1657,"template":"","meta":{"_acf_changed":false,"om_disable_all_campaigns":false,"inline_featured_image":false},"product_brand":[],"product_cat":[159,160,161],"product_tag":[],"class_list":{"0":"post-3073","1":"product","2":"type-product","3":"status-publish","4":"has-post-thumbnail","6":"product_cat-add-ons-fr","7":"product_cat-add-ons-velos","8":"product_cat-spicy-curry-fr","10":"first","11":"instock","12":"taxable","13":"shipping-taxable","14":"purchasable","15":"product-type-simple"},"acf":[],"yoast_head":"<!-- This site is optimized with the Yoast SEO plugin v26.6 - https:\/\/yoast.com\/wordpress\/plugins\/seo\/ -->\n<title>Extension Sac 2-Go - Accessoire v\u00e9lo cargo Yuba<\/title>\n<meta name=\"description\" content=\"Augmentez la capacit\u00e9 de votre sac 2-Go de 25% gr\u00e2ce \u00e0 ce kit d\u2019extension. Con\u00e7u pour optimiser l\u2019espace cargo arri\u00e8re du Spicy Curry pour des chargements plus importants.\" \/>\n<meta name=\"robots\" content=\"noindex, follow, max-snippet:-1, max-image-preview:large, max-video-preview:-1\" \/>\n<meta property=\"og:locale\" content=\"fr_FR\" \/>\n<meta property=\"og:type\" content=\"article\" \/>\n<meta property=\"og:title\" content=\"Extension Sac 2-Go - Accessoire v\u00e9lo cargo Yuba\" \/>\n<meta property=\"og:description\" content=\"Augmentez la capacit\u00e9 de votre sac 2-Go de 25% gr\u00e2ce \u00e0 ce kit d\u2019extension. Con\u00e7u pour optimiser l\u2019espace cargo arri\u00e8re du Spicy Curry pour des chargements plus importants.\" \/>\n<meta property=\"og:url\" content=\"https:\/\/yubabikes-dev.codebusters.app\/fr\/produit\/extension-sac-2-go\/\" \/>\n<meta property=\"og:site_name\" content=\"Yubabikes\" \/>\n<meta property=\"article:modified_time\" content=\"2025-01-08T10:02:13+00:00\" \/>\n<meta property=\"og:image\" content=\"https:\/\/yubabikes-dev.codebusters.app\/wp-content\/uploads\/2024\/10\/Extension-Sac-2-Go_YubaBikes_AddOns_Studio_Without_Background.png\" \/>\n\t<meta property=\"og:image:width\" content=\"945\" \/>\n\t<meta property=\"og:image:height\" content=\"945\" \/>\n\t<meta property=\"og:image:type\" content=\"image\/png\" \/>\n<meta name=\"twitter:card\" content=\"summary_large_image\" \/>\n<meta name=\"twitter:label1\" content=\"Dur\u00e9e de lecture estim\u00e9e\" \/>\n\t<meta name=\"twitter:data1\" content=\"1 minute\" \/>\n<script type=\"application\/ld+json\" class=\"yoast-schema-graph\">{\"@context\":\"https:\/\/schema.org\",\"@graph\":[{\"@type\":\"WebPage\",\"@id\":\"https:\/\/yubabikes-dev.codebusters.app\/fr\/produit\/extension-sac-2-go\/\",\"url\":\"https:\/\/yubabikes-dev.codebusters.app\/fr\/produit\/extension-sac-2-go\/\",\"name\":\"Extension Sac 2-Go - Accessoire v\u00e9lo cargo Yuba\",\"isPartOf\":{\"@id\":\"https:\/\/yubabikes-dev.codebusters.app\/fr\/#website\"},\"primaryImageOfPage\":{\"@id\":\"https:\/\/yubabikes-dev.codebusters.app\/fr\/produit\/extension-sac-2-go\/#primaryimage\"},\"image\":{\"@id\":\"https:\/\/yubabikes-dev.codebusters.app\/fr\/produit\/extension-sac-2-go\/#primaryimage\"},\"thumbnailUrl\":\"https:\/\/yubabikes-dev.codebusters.app\/wp-content\/uploads\/2024\/10\/Extension-Sac-2-Go_YubaBikes_AddOns_Studio_Without_Background.png\",\"datePublished\":\"2024-10-10T14:24:00+00:00\",\"dateModified\":\"2025-01-08T10:02:13+00:00\",\"description\":\"Augmentez la capacit\u00e9 de votre sac 2-Go de 25% gr\u00e2ce \u00e0 ce kit d\u2019extension. Con\u00e7u pour optimiser l\u2019espace cargo arri\u00e8re du Spicy Curry pour des chargements plus importants.\",\"breadcrumb\":{\"@id\":\"https:\/\/yubabikes-dev.codebusters.app\/fr\/produit\/extension-sac-2-go\/#breadcrumb\"},\"inLanguage\":\"fr-FR\",\"potentialAction\":[{\"@type\":\"ReadAction\",\"target\":[\"https:\/\/yubabikes-dev.codebusters.app\/fr\/produit\/extension-sac-2-go\/\"]}]},{\"@type\":\"ImageObject\",\"inLanguage\":\"fr-FR\",\"@id\":\"https:\/\/yubabikes-dev.codebusters.app\/fr\/produit\/extension-sac-2-go\/#primaryimage\",\"url\":\"https:\/\/yubabikes-dev.codebusters.app\/wp-content\/uploads\/2024\/10\/Extension-Sac-2-Go_YubaBikes_AddOns_Studio_Without_Background.png\",\"contentUrl\":\"https:\/\/yubabikes-dev.codebusters.app\/wp-content\/uploads\/2024\/10\/Extension-Sac-2-Go_YubaBikes_AddOns_Studio_Without_Background.png\",\"width\":945,\"height\":945},{\"@type\":\"BreadcrumbList\",\"@id\":\"https:\/\/yubabikes-dev.codebusters.app\/fr\/produit\/extension-sac-2-go\/#breadcrumb\",\"itemListElement\":[{\"@type\":\"ListItem\",\"position\":1,\"name\":\"Home\",\"item\":\"https:\/\/yubabikes-dev.codebusters.app\/fr\/\"},{\"@type\":\"ListItem\",\"position\":2,\"name\":\"Boutique\",\"item\":\"https:\/\/yubabikes-dev.codebusters.app\/fr\/boutique\/\"},{\"@type\":\"ListItem\",\"position\":3,\"name\":\"Extension Sac 2-Go\"}]},{\"@type\":\"WebSite\",\"@id\":\"https:\/\/yubabikes-dev.codebusters.app\/fr\/#website\",\"url\":\"https:\/\/yubabikes-dev.codebusters.app\/fr\/\",\"name\":\"Yuba Cargo Bikes\",\"description\":\"Yuba - V\u00e9los cargo pour la famille et les professionnels\",\"alternateName\":\"Yuba Bikes\",\"potentialAction\":[{\"@type\":\"SearchAction\",\"target\":{\"@type\":\"EntryPoint\",\"urlTemplate\":\"https:\/\/yubabikes-dev.codebusters.app\/fr\/?s={search_term_string}\"},\"query-input\":{\"@type\":\"PropertyValueSpecification\",\"valueRequired\":true,\"valueName\":\"search_term_string\"}}],\"inLanguage\":\"fr-FR\"}]}<\/script>\n<!-- \/ Yoast SEO plugin. -->","yoast_head_json":{"title":"Extension Sac 2-Go - Accessoire v\u00e9lo cargo Yuba","description":"Augmentez la capacit\u00e9 de votre sac 2-Go de 25% gr\u00e2ce \u00e0 ce kit d\u2019extension. Con\u00e7u pour optimiser l\u2019espace cargo arri\u00e8re du Spicy Curry pour des chargements plus importants.","robots":{"index":"noindex","follow":"follow","max-snippet":"max-snippet:-1","max-image-preview":"max-image-preview:large","max-video-preview":"max-video-preview:-1"},"og_locale":"fr_FR","og_type":"article","og_title":"Extension Sac 2-Go - Accessoire v\u00e9lo cargo Yuba","og_description":"Augmentez la capacit\u00e9 de votre sac 2-Go de 25% gr\u00e2ce \u00e0 ce kit d\u2019extension. Con\u00e7u pour optimiser l\u2019espace cargo arri\u00e8re du Spicy Curry pour des chargements plus importants.","og_url":"https:\/\/yubabikes-dev.codebusters.app\/fr\/produit\/extension-sac-2-go\/","og_site_name":"Yubabikes","article_modified_time":"2025-01-08T10:02:13+00:00","og_image":[{"width":945,"height":945,"url":"https:\/\/yubabikes-dev.codebusters.app\/wp-content\/uploads\/2024\/10\/Extension-Sac-2-Go_YubaBikes_AddOns_Studio_Without_Background.png","type":"image\/png"}],"twitter_card":"summary_large_image","twitter_misc":{"Dur\u00e9e de lecture estim\u00e9e":"1 minute"},"schema":{"@context":"https:\/\/schema.org","@graph":[{"@type":"WebPage","@id":"https:\/\/yubabikes-dev.codebusters.app\/fr\/produit\/extension-sac-2-go\/","url":"https:\/\/yubabikes-dev.codebusters.app\/fr\/produit\/extension-sac-2-go\/","name":"Extension Sac 2-Go - Accessoire v\u00e9lo cargo Yuba","isPartOf":{"@id":"https:\/\/yubabikes-dev.codebusters.app\/fr\/#website"},"primaryImageOfPage":{"@id":"https:\/\/yubabikes-dev.codebusters.app\/fr\/produit\/extension-sac-2-go\/#primaryimage"},"image":{"@id":"https:\/\/yubabikes-dev.codebusters.app\/fr\/produit\/extension-sac-2-go\/#primaryimage"},"thumbnailUrl":"https:\/\/yubabikes-dev.codebusters.app\/wp-content\/uploads\/2024\/10\/Extension-Sac-2-Go_YubaBikes_AddOns_Studio_Without_Background.png","datePublished":"2024-10-10T14:24:00+00:00","dateModified":"2025-01-08T10:02:13+00:00","description":"Augmentez la capacit\u00e9 de votre sac 2-Go de 25% gr\u00e2ce \u00e0 ce kit d\u2019extension. Con\u00e7u pour optimiser l\u2019espace cargo arri\u00e8re du Spicy Curry pour des chargements plus importants.","breadcrumb":{"@id":"https:\/\/yubabikes-dev.codebusters.app\/fr\/produit\/extension-sac-2-go\/#breadcrumb"},"inLanguage":"fr-FR","potentialAction":[{"@type":"ReadAction","target":["https:\/\/yubabikes-dev.codebusters.app\/fr\/produit\/extension-sac-2-go\/"]}]},{"@type":"ImageObject","inLanguage":"fr-FR","@id":"https:\/\/yubabikes-dev.codebusters.app\/fr\/produit\/extension-sac-2-go\/#primaryimage","url":"https:\/\/yubabikes-dev.codebusters.app\/wp-content\/uploads\/2024\/10\/Extension-Sac-2-Go_YubaBikes_AddOns_Studio_Without_Background.png","contentUrl":"https:\/\/yubabikes-dev.codebusters.app\/wp-content\/uploads\/2024\/10\/Extension-Sac-2-Go_YubaBikes_AddOns_Studio_Without_Background.png","width":945,"height":945},{"@type":"BreadcrumbList","@id":"https:\/\/yubabikes-dev.codebusters.app\/fr\/produit\/extension-sac-2-go\/#breadcrumb","itemListElement":[{"@type":"ListItem","position":1,"name":"Home","item":"https:\/\/yubabikes-dev.codebusters.app\/fr\/"},{"@type":"ListItem","position":2,"name":"Boutique","item":"https:\/\/yubabikes-dev.codebusters.app\/fr\/boutique\/"},{"@type":"ListItem","position":3,"name":"Extension Sac 2-Go"}]},{"@type":"WebSite","@id":"https:\/\/yubabikes-dev.codebusters.app\/fr\/#website","url":"https:\/\/yubabikes-dev.codebusters.app\/fr\/","name":"Yuba Cargo Bikes","description":"Yuba - V\u00e9los cargo pour la famille et les professionnels","alternateName":"Yuba Bikes","potentialAction":[{"@type":"SearchAction","target":{"@type":"EntryPoint","urlTemplate":"https:\/\/yubabikes-dev.codebusters.app\/fr\/?s={search_term_string}"},"query-input":{"@type":"PropertyValueSpecification","valueRequired":true,"valueName":"search_term_string"}}],"inLanguage":"fr-FR"}]}},"_links":{"self":[{"href":"https:\/\/yubabikes-dev.codebusters.app\/fr\/wp-json\/wp\/v2\/product\/3073","targetHints":{"allow":["GET"]}}],"collection":[{"href":"https:\/\/yubabikes-dev.codebusters.app\/fr\/wp-json\/wp\/v2\/product"}],"about":[{"href":"https:\/\/yubabikes-dev.codebusters.app\/fr\/wp-json\/wp\/v2\/types\/product"}],"wp:featuredmedia":[{"embeddable":true,"href":"https:\/\/yubabikes-dev.codebusters.app\/fr\/wp-json\/wp\/v2\/media\/1657"}],"wp:attachment":[{"href":"https:\/\/yubabikes-dev.codebusters.app\/fr\/wp-json\/wp\/v2\/media?parent=3073"}],"wp:term":[{"taxonomy":"product_brand","embeddable":true,"href":"https:\/\/yubabikes-dev.codebusters.app\/fr\/wp-json\/wp\/v2\/product_brand?post=3073"},{"taxonomy":"product_cat","embeddable":true,"href":"https:\/\/yubabikes-dev.codebusters.app\/fr\/wp-json\/wp\/v2\/product_cat?post=3073"},{"taxonomy":"product_tag","embeddable":true,"href":"https:\/\/yubabikes-dev.codebusters.app\/fr\/wp-json\/wp\/v2\/product_tag?post=3073"}],"curies":[{"name":"wp","href":"https:\/\/api.w.org\/{rel}","templated":true}]}}