{"id":3195,"date":"2024-10-10T14:24:00","date_gmt":"2024-10-10T14:24:00","guid":{"rendered":"https:\/\/yubabikes-dev.codebusters.app\/product\/pop-top\/"},"modified":"2025-01-06T10:25:56","modified_gmt":"2025-01-06T10:25:56","slug":"pop-top","status":"publish","type":"product","link":"https:\/\/yubabikes-dev.codebusters.app\/fr\/produit\/pop-top\/","title":{"rendered":"Pop Top"},"content":{"rendered":"","protected":false},"excerpt":{"rendered":"<p>Prot\u00e9gez vos passagers de la pluie et des UV, sans les priver du paysage.<\/p>\n","protected":false},"featured_media":4246,"template":"","meta":{"_acf_changed":false,"om_disable_all_campaigns":false,"inline_featured_image":false},"product_brand":[],"product_cat":[159,160,165,162,163,164,161],"product_tag":[],"class_list":{"0":"post-3195","1":"product","2":"type-product","3":"status-publish","4":"has-post-thumbnail","6":"product_cat-add-ons-fr","7":"product_cat-add-ons-velos","8":"product_cat-boda-boda-fr","9":"product_cat-fastrack-fr","10":"product_cat-kombi-fr","11":"product_cat-mundo-fr","12":"product_cat-spicy-curry-fr","14":"first","15":"instock","16":"taxable","17":"shipping-taxable","18":"purchasable","19":"product-type-simple"},"acf":[],"yoast_head":"<!-- This site is optimized with the Yoast SEO plugin v26.6 - https:\/\/yoast.com\/wordpress\/plugins\/seo\/ -->\n<title>Pop Top - Accessoire v\u00e9lo cargo Yuba<\/title>\n<meta name=\"description\" content=\"Prot\u00e9gez vos passagers de la pluie et des UV avec le Pop Top Yuba. Fabriqu\u00e9 en tissu waterproof \u00e0 base de plastique recycl\u00e9, il offre des fen\u00eatres panoramiques, une installation rapide sur Monkey Bars, et des \u00e9l\u00e9ments r\u00e9fl\u00e9chissants pour plus de s\u00e9curit\u00e9. Compatible avec les mod\u00e8les Longtails.\" \/>\n<meta name=\"robots\" content=\"noindex, follow, max-snippet:-1, max-image-preview:large, max-video-preview:-1\" \/>\n<meta property=\"og:locale\" content=\"fr_FR\" \/>\n<meta property=\"og:type\" content=\"article\" \/>\n<meta property=\"og:title\" content=\"Pop Top - Accessoire v\u00e9lo cargo Yuba\" \/>\n<meta property=\"og:description\" content=\"Prot\u00e9gez vos passagers de la pluie et des UV avec le Pop Top Yuba. Fabriqu\u00e9 en tissu waterproof \u00e0 base de plastique recycl\u00e9, il offre des fen\u00eatres panoramiques, une installation rapide sur Monkey Bars, et des \u00e9l\u00e9ments r\u00e9fl\u00e9chissants pour plus de s\u00e9curit\u00e9. Compatible avec les mod\u00e8les Longtails.\" \/>\n<meta property=\"og:url\" content=\"https:\/\/yubabikes-dev.codebusters.app\/fr\/produit\/pop-top\/\" \/>\n<meta property=\"og:site_name\" content=\"Yubabikes\" \/>\n<meta property=\"article:modified_time\" content=\"2025-01-06T10:25:56+00:00\" \/>\n<meta property=\"og:image\" content=\"https:\/\/yubabikes-dev.codebusters.app\/wp-content\/uploads\/2024\/10\/Untitled-design-39.png\" \/>\n\t<meta property=\"og:image:width\" content=\"960\" \/>\n\t<meta property=\"og:image:height\" content=\"960\" \/>\n\t<meta property=\"og:image:type\" content=\"image\/png\" \/>\n<meta name=\"twitter:card\" content=\"summary_large_image\" \/>\n<meta name=\"twitter:label1\" content=\"Dur\u00e9e de lecture estim\u00e9e\" \/>\n\t<meta name=\"twitter:data1\" content=\"1 minute\" \/>\n<script type=\"application\/ld+json\" class=\"yoast-schema-graph\">{\"@context\":\"https:\/\/schema.org\",\"@graph\":[{\"@type\":\"WebPage\",\"@id\":\"https:\/\/yubabikes-dev.codebusters.app\/fr\/produit\/pop-top\/\",\"url\":\"https:\/\/yubabikes-dev.codebusters.app\/fr\/produit\/pop-top\/\",\"name\":\"Pop Top - Accessoire v\u00e9lo cargo Yuba\",\"isPartOf\":{\"@id\":\"https:\/\/yubabikes-dev.codebusters.app\/fr\/#website\"},\"primaryImageOfPage\":{\"@id\":\"https:\/\/yubabikes-dev.codebusters.app\/fr\/produit\/pop-top\/#primaryimage\"},\"image\":{\"@id\":\"https:\/\/yubabikes-dev.codebusters.app\/fr\/produit\/pop-top\/#primaryimage\"},\"thumbnailUrl\":\"https:\/\/yubabikes-dev.codebusters.app\/wp-content\/uploads\/2024\/10\/Untitled-design-39.png\",\"datePublished\":\"2024-10-10T14:24:00+00:00\",\"dateModified\":\"2025-01-06T10:25:56+00:00\",\"description\":\"Prot\u00e9gez vos passagers de la pluie et des UV avec le Pop Top Yuba. Fabriqu\u00e9 en tissu waterproof \u00e0 base de plastique recycl\u00e9, il offre des fen\u00eatres panoramiques, une installation rapide sur Monkey Bars, et des \u00e9l\u00e9ments r\u00e9fl\u00e9chissants pour plus de s\u00e9curit\u00e9. Compatible avec les mod\u00e8les Longtails.\",\"breadcrumb\":{\"@id\":\"https:\/\/yubabikes-dev.codebusters.app\/fr\/produit\/pop-top\/#breadcrumb\"},\"inLanguage\":\"fr-FR\",\"potentialAction\":[{\"@type\":\"ReadAction\",\"target\":[\"https:\/\/yubabikes-dev.codebusters.app\/fr\/produit\/pop-top\/\"]}]},{\"@type\":\"ImageObject\",\"inLanguage\":\"fr-FR\",\"@id\":\"https:\/\/yubabikes-dev.codebusters.app\/fr\/produit\/pop-top\/#primaryimage\",\"url\":\"https:\/\/yubabikes-dev.codebusters.app\/wp-content\/uploads\/2024\/10\/Untitled-design-39.png\",\"contentUrl\":\"https:\/\/yubabikes-dev.codebusters.app\/wp-content\/uploads\/2024\/10\/Untitled-design-39.png\",\"width\":960,\"height\":960},{\"@type\":\"BreadcrumbList\",\"@id\":\"https:\/\/yubabikes-dev.codebusters.app\/fr\/produit\/pop-top\/#breadcrumb\",\"itemListElement\":[{\"@type\":\"ListItem\",\"position\":1,\"name\":\"Home\",\"item\":\"https:\/\/yubabikes-dev.codebusters.app\/fr\/\"},{\"@type\":\"ListItem\",\"position\":2,\"name\":\"Boutique\",\"item\":\"https:\/\/yubabikes-dev.codebusters.app\/fr\/boutique\/\"},{\"@type\":\"ListItem\",\"position\":3,\"name\":\"Pop Top\"}]},{\"@type\":\"WebSite\",\"@id\":\"https:\/\/yubabikes-dev.codebusters.app\/fr\/#website\",\"url\":\"https:\/\/yubabikes-dev.codebusters.app\/fr\/\",\"name\":\"Yuba Cargo Bikes\",\"description\":\"Yuba - V\u00e9los cargo pour la famille et les professionnels\",\"alternateName\":\"Yuba Bikes\",\"potentialAction\":[{\"@type\":\"SearchAction\",\"target\":{\"@type\":\"EntryPoint\",\"urlTemplate\":\"https:\/\/yubabikes-dev.codebusters.app\/fr\/?s={search_term_string}\"},\"query-input\":{\"@type\":\"PropertyValueSpecification\",\"valueRequired\":true,\"valueName\":\"search_term_string\"}}],\"inLanguage\":\"fr-FR\"}]}<\/script>\n<!-- \/ Yoast SEO plugin. -->","yoast_head_json":{"title":"Pop Top - Accessoire v\u00e9lo cargo Yuba","description":"Prot\u00e9gez vos passagers de la pluie et des UV avec le Pop Top Yuba. Fabriqu\u00e9 en tissu waterproof \u00e0 base de plastique recycl\u00e9, il offre des fen\u00eatres panoramiques, une installation rapide sur Monkey Bars, et des \u00e9l\u00e9ments r\u00e9fl\u00e9chissants pour plus de s\u00e9curit\u00e9. Compatible avec les mod\u00e8les Longtails.","robots":{"index":"noindex","follow":"follow","max-snippet":"max-snippet:-1","max-image-preview":"max-image-preview:large","max-video-preview":"max-video-preview:-1"},"og_locale":"fr_FR","og_type":"article","og_title":"Pop Top - Accessoire v\u00e9lo cargo Yuba","og_description":"Prot\u00e9gez vos passagers de la pluie et des UV avec le Pop Top Yuba. Fabriqu\u00e9 en tissu waterproof \u00e0 base de plastique recycl\u00e9, il offre des fen\u00eatres panoramiques, une installation rapide sur Monkey Bars, et des \u00e9l\u00e9ments r\u00e9fl\u00e9chissants pour plus de s\u00e9curit\u00e9. Compatible avec les mod\u00e8les Longtails.","og_url":"https:\/\/yubabikes-dev.codebusters.app\/fr\/produit\/pop-top\/","og_site_name":"Yubabikes","article_modified_time":"2025-01-06T10:25:56+00:00","og_image":[{"width":960,"height":960,"url":"https:\/\/yubabikes-dev.codebusters.app\/wp-content\/uploads\/2024\/10\/Untitled-design-39.png","type":"image\/png"}],"twitter_card":"summary_large_image","twitter_misc":{"Dur\u00e9e de lecture estim\u00e9e":"1 minute"},"schema":{"@context":"https:\/\/schema.org","@graph":[{"@type":"WebPage","@id":"https:\/\/yubabikes-dev.codebusters.app\/fr\/produit\/pop-top\/","url":"https:\/\/yubabikes-dev.codebusters.app\/fr\/produit\/pop-top\/","name":"Pop Top - Accessoire v\u00e9lo cargo Yuba","isPartOf":{"@id":"https:\/\/yubabikes-dev.codebusters.app\/fr\/#website"},"primaryImageOfPage":{"@id":"https:\/\/yubabikes-dev.codebusters.app\/fr\/produit\/pop-top\/#primaryimage"},"image":{"@id":"https:\/\/yubabikes-dev.codebusters.app\/fr\/produit\/pop-top\/#primaryimage"},"thumbnailUrl":"https:\/\/yubabikes-dev.codebusters.app\/wp-content\/uploads\/2024\/10\/Untitled-design-39.png","datePublished":"2024-10-10T14:24:00+00:00","dateModified":"2025-01-06T10:25:56+00:00","description":"Prot\u00e9gez vos passagers de la pluie et des UV avec le Pop Top Yuba. Fabriqu\u00e9 en tissu waterproof \u00e0 base de plastique recycl\u00e9, il offre des fen\u00eatres panoramiques, une installation rapide sur Monkey Bars, et des \u00e9l\u00e9ments r\u00e9fl\u00e9chissants pour plus de s\u00e9curit\u00e9. Compatible avec les mod\u00e8les Longtails.","breadcrumb":{"@id":"https:\/\/yubabikes-dev.codebusters.app\/fr\/produit\/pop-top\/#breadcrumb"},"inLanguage":"fr-FR","potentialAction":[{"@type":"ReadAction","target":["https:\/\/yubabikes-dev.codebusters.app\/fr\/produit\/pop-top\/"]}]},{"@type":"ImageObject","inLanguage":"fr-FR","@id":"https:\/\/yubabikes-dev.codebusters.app\/fr\/produit\/pop-top\/#primaryimage","url":"https:\/\/yubabikes-dev.codebusters.app\/wp-content\/uploads\/2024\/10\/Untitled-design-39.png","contentUrl":"https:\/\/yubabikes-dev.codebusters.app\/wp-content\/uploads\/2024\/10\/Untitled-design-39.png","width":960,"height":960},{"@type":"BreadcrumbList","@id":"https:\/\/yubabikes-dev.codebusters.app\/fr\/produit\/pop-top\/#breadcrumb","itemListElement":[{"@type":"ListItem","position":1,"name":"Home","item":"https:\/\/yubabikes-dev.codebusters.app\/fr\/"},{"@type":"ListItem","position":2,"name":"Boutique","item":"https:\/\/yubabikes-dev.codebusters.app\/fr\/boutique\/"},{"@type":"ListItem","position":3,"name":"Pop Top"}]},{"@type":"WebSite","@id":"https:\/\/yubabikes-dev.codebusters.app\/fr\/#website","url":"https:\/\/yubabikes-dev.codebusters.app\/fr\/","name":"Yuba Cargo Bikes","description":"Yuba - V\u00e9los cargo pour la famille et les professionnels","alternateName":"Yuba Bikes","potentialAction":[{"@type":"SearchAction","target":{"@type":"EntryPoint","urlTemplate":"https:\/\/yubabikes-dev.codebusters.app\/fr\/?s={search_term_string}"},"query-input":{"@type":"PropertyValueSpecification","valueRequired":true,"valueName":"search_term_string"}}],"inLanguage":"fr-FR"}]}},"_links":{"self":[{"href":"https:\/\/yubabikes-dev.codebusters.app\/fr\/wp-json\/wp\/v2\/product\/3195","targetHints":{"allow":["GET"]}}],"collection":[{"href":"https:\/\/yubabikes-dev.codebusters.app\/fr\/wp-json\/wp\/v2\/product"}],"about":[{"href":"https:\/\/yubabikes-dev.codebusters.app\/fr\/wp-json\/wp\/v2\/types\/product"}],"wp:featuredmedia":[{"embeddable":true,"href":"https:\/\/yubabikes-dev.codebusters.app\/fr\/wp-json\/wp\/v2\/media\/4246"}],"wp:attachment":[{"href":"https:\/\/yubabikes-dev.codebusters.app\/fr\/wp-json\/wp\/v2\/media?parent=3195"}],"wp:term":[{"taxonomy":"product_brand","embeddable":true,"href":"https:\/\/yubabikes-dev.codebusters.app\/fr\/wp-json\/wp\/v2\/product_brand?post=3195"},{"taxonomy":"product_cat","embeddable":true,"href":"https:\/\/yubabikes-dev.codebusters.app\/fr\/wp-json\/wp\/v2\/product_cat?post=3195"},{"taxonomy":"product_tag","embeddable":true,"href":"https:\/\/yubabikes-dev.codebusters.app\/fr\/wp-json\/wp\/v2\/product_tag?post=3195"}],"curies":[{"name":"wp","href":"https:\/\/api.w.org\/{rel}","templated":true}]}}